{"id":1072,"date":"2025-06-02T10:27:02","date_gmt":"2025-06-02T08:27:02","guid":{"rendered":"https:\/\/esam.studio\/personalizar-cookies\/"},"modified":"2025-06-02T10:27:02","modified_gmt":"2025-06-02T08:27:02","slug":"personalizar-cookies","status":"publish","type":"page","link":"https:\/\/esam.studio\/en\/personalizar-cookies\/","title":{"rendered":"Personalizar Cookies"},"content":{"rendered":"<div>\n      <div id=\"custom-cookies-eu-label\">\n          El sitio Web https:\/\/esam.studio utiliza cookies propias  para su correcto funcionamiento. Al hacer clic en el bot\u00f3n Aceptar, acepta el uso de estas tecnolog\u00edas y el procesamiento de sus datos para estos prop\u00f3sitos.          \n\n      <\/div>\n\n      <div id=\"custom-cookies-eu-buttons\" class=\"cookies-eu-buttons\">\n        <button id=\"custom-cookies-eu-reject\" class=\"cookies-eu-reject\">Rechazar<\/button>\n        <button id=\"custom-cookies-eu-accept\" class=\"cookies-eu-accept\">ACEPTAR TODAS LAS COOKIES<\/button><\/div>\n      <\/div>\n\n<br\/>\n<p>\n\tPuedes cambiar tus preferencias de cookies en cualquier momento si vuelves a la p\u00e1gina de Personalizar cookies, a la que puedes acceder a trav\u00e9s del Aviso de cookies. \n<\/p>\n\n<h3>Cookies t\u00e9cnicas<\/h3>\n<p>\n\tSon aquellas que permiten a los usuarios registrados navegar a trav\u00e9s del sitio Web, del \u00e1rea restringida y a utilizar sus diferentes funciones, como por ejemplo, el sistema de comentarios o el buscador y no pueden ser desactivadas.\n<\/p>","protected":false},"excerpt":{"rendered":"<p>El sitio Web https:\/\/esam.studio utiliza cookies propias para su correcto funcionamiento. Al hacer clic en el bot\u00f3n Aceptar, acepta el uso de estas tecnolog\u00edas y el procesamiento de sus datos para estos prop\u00f3sitos. Rechazar ACEPTAR TODAS LAS COOKIES Puedes cambiar tus preferencias de cookies en cualquier momento si vuelves a la p\u00e1gina de Personalizar cookies, a la que puedes acceder a trav\u00e9s del Aviso de cookies. Cookies t\u00e9cnicas Son aquellas que permiten a los usuarios registrados navegar a trav\u00e9s del sitio Web, del \u00e1rea restringida y a utilizar sus diferentes funciones, como por ejemplo, el sistema de comentarios o el buscador y no pueden ser desactivadas.<\/p>","protected":false},"author":1,"featured_media":0,"parent":0,"menu_order":0,"comment_status":"closed","ping_status":"closed","template":"","meta":{"footnotes":""},"class_list":["post-1072","page","type-page","status-publish","hentry"],"yoast_head":"<!-- This site is optimized with the Yoast SEO plugin v27.2 - https:\/\/yoast.com\/product\/yoast-seo-wordpress\/ -->\n<title>Personalizar Cookies - ESAM<\/title>\n<meta name=\"robots\" content=\"index, follow, max-snippet:-1, max-image-preview:large, max-video-preview:-1\" \/>\n<link rel=\"canonical\" href=\"https:\/\/esam.studio\/en\/personalizar-cookies\/\" \/>\n<meta property=\"og:locale\" content=\"en_GB\" \/>\n<meta property=\"og:type\" content=\"article\" \/>\n<meta property=\"og:title\" content=\"Personalizar Cookies - ESAM\" \/>\n<meta property=\"og:description\" content=\"El sitio Web https:\/\/esam.studio utiliza cookies propias para su correcto funcionamiento. Al hacer clic en el bot\u00f3n Aceptar, acepta el uso de estas tecnolog\u00edas y el procesamiento de sus datos para estos prop\u00f3sitos. Rechazar ACEPTAR TODAS LAS COOKIES Puedes cambiar tus preferencias de cookies en cualquier momento si vuelves a la p\u00e1gina de Personalizar cookies, a la que puedes acceder a trav\u00e9s del Aviso de cookies. Cookies t\u00e9cnicas Son aquellas que permiten a los usuarios registrados navegar a trav\u00e9s del sitio Web, del \u00e1rea restringida y a utilizar sus diferentes funciones, como por ejemplo, el sistema de comentarios o el buscador y no pueden ser desactivadas.\" \/>\n<meta property=\"og:url\" content=\"https:\/\/esam.studio\/en\/personalizar-cookies\/\" \/>\n<meta property=\"og:site_name\" content=\"ESAM\" \/>\n<meta name=\"twitter:card\" content=\"summary_large_image\" \/>\n<script type=\"application\/ld+json\" class=\"yoast-schema-graph\">{\"@context\":\"https:\/\/schema.org\",\"@graph\":[{\"@type\":\"WebPage\",\"@id\":\"https:\/\/esam.studio\/personalizar-cookies\/\",\"url\":\"https:\/\/esam.studio\/personalizar-cookies\/\",\"name\":\"Personalizar Cookies - ESAM\",\"isPartOf\":{\"@id\":\"https:\/\/esam.studio\/#website\"},\"datePublished\":\"2025-06-02T08:27:02+00:00\",\"breadcrumb\":{\"@id\":\"https:\/\/esam.studio\/personalizar-cookies\/#breadcrumb\"},\"inLanguage\":\"en-GB\",\"potentialAction\":[{\"@type\":\"ReadAction\",\"target\":[\"https:\/\/esam.studio\/personalizar-cookies\/\"]}]},{\"@type\":\"BreadcrumbList\",\"@id\":\"https:\/\/esam.studio\/personalizar-cookies\/#breadcrumb\",\"itemListElement\":[{\"@type\":\"ListItem\",\"position\":1,\"name\":\"Portada\",\"item\":\"https:\/\/esam.studio\/\"},{\"@type\":\"ListItem\",\"position\":2,\"name\":\"Personalizar Cookies\"}]},{\"@type\":\"WebSite\",\"@id\":\"https:\/\/esam.studio\/#website\",\"url\":\"https:\/\/esam.studio\/\",\"name\":\"ESAM\",\"description\":\"\",\"publisher\":{\"@id\":\"https:\/\/esam.studio\/#organization\"},\"potentialAction\":[{\"@type\":\"SearchAction\",\"target\":{\"@type\":\"EntryPoint\",\"urlTemplate\":\"https:\/\/esam.studio\/?s={search_term_string}\"},\"query-input\":{\"@type\":\"PropertyValueSpecification\",\"valueRequired\":true,\"valueName\":\"search_term_string\"}}],\"inLanguage\":\"en-GB\"},{\"@type\":\"Organization\",\"@id\":\"https:\/\/esam.studio\/#organization\",\"name\":\"ESAM\",\"url\":\"https:\/\/esam.studio\/\",\"logo\":{\"@type\":\"ImageObject\",\"inLanguage\":\"en-GB\",\"@id\":\"https:\/\/esam.studio\/#\/schema\/logo\/image\/\",\"url\":\"https:\/\/esam.studio\/wp-content\/uploads\/2025\/05\/LogoGris3-scaled-1.png\",\"contentUrl\":\"https:\/\/esam.studio\/wp-content\/uploads\/2025\/05\/LogoGris3-scaled-1.png\",\"width\":2560,\"height\":161,\"caption\":\"ESAM\"},\"image\":{\"@id\":\"https:\/\/esam.studio\/#\/schema\/logo\/image\/\"},\"sameAs\":[\"https:\/\/www.instagram.com\/esam.arq\/?hl=hi\"]}]}<\/script>\n<!-- \/ Yoast SEO plugin. -->","yoast_head_json":{"title":"Personalizar Cookies - ESAM","robots":{"index":"index","follow":"follow","max-snippet":"max-snippet:-1","max-image-preview":"max-image-preview:large","max-video-preview":"max-video-preview:-1"},"canonical":"https:\/\/esam.studio\/en\/personalizar-cookies\/","og_locale":"en_GB","og_type":"article","og_title":"Personalizar Cookies - ESAM","og_description":"El sitio Web https:\/\/esam.studio utiliza cookies propias para su correcto funcionamiento. Al hacer clic en el bot\u00f3n Aceptar, acepta el uso de estas tecnolog\u00edas y el procesamiento de sus datos para estos prop\u00f3sitos. Rechazar ACEPTAR TODAS LAS COOKIES Puedes cambiar tus preferencias de cookies en cualquier momento si vuelves a la p\u00e1gina de Personalizar cookies, a la que puedes acceder a trav\u00e9s del Aviso de cookies. Cookies t\u00e9cnicas Son aquellas que permiten a los usuarios registrados navegar a trav\u00e9s del sitio Web, del \u00e1rea restringida y a utilizar sus diferentes funciones, como por ejemplo, el sistema de comentarios o el buscador y no pueden ser desactivadas.","og_url":"https:\/\/esam.studio\/en\/personalizar-cookies\/","og_site_name":"ESAM","twitter_card":"summary_large_image","schema":{"@context":"https:\/\/schema.org","@graph":[{"@type":"WebPage","@id":"https:\/\/esam.studio\/personalizar-cookies\/","url":"https:\/\/esam.studio\/personalizar-cookies\/","name":"Personalizar Cookies - ESAM","isPartOf":{"@id":"https:\/\/esam.studio\/#website"},"datePublished":"2025-06-02T08:27:02+00:00","breadcrumb":{"@id":"https:\/\/esam.studio\/personalizar-cookies\/#breadcrumb"},"inLanguage":"en-GB","potentialAction":[{"@type":"ReadAction","target":["https:\/\/esam.studio\/personalizar-cookies\/"]}]},{"@type":"BreadcrumbList","@id":"https:\/\/esam.studio\/personalizar-cookies\/#breadcrumb","itemListElement":[{"@type":"ListItem","position":1,"name":"Portada","item":"https:\/\/esam.studio\/"},{"@type":"ListItem","position":2,"name":"Personalizar Cookies"}]},{"@type":"WebSite","@id":"https:\/\/esam.studio\/#website","url":"https:\/\/esam.studio\/","name":"ESAM","description":"","publisher":{"@id":"https:\/\/esam.studio\/#organization"},"potentialAction":[{"@type":"SearchAction","target":{"@type":"EntryPoint","urlTemplate":"https:\/\/esam.studio\/?s={search_term_string}"},"query-input":{"@type":"PropertyValueSpecification","valueRequired":true,"valueName":"search_term_string"}}],"inLanguage":"en-GB"},{"@type":"Organization","@id":"https:\/\/esam.studio\/#organization","name":"ESAM","url":"https:\/\/esam.studio\/","logo":{"@type":"ImageObject","inLanguage":"en-GB","@id":"https:\/\/esam.studio\/#\/schema\/logo\/image\/","url":"https:\/\/esam.studio\/wp-content\/uploads\/2025\/05\/LogoGris3-scaled-1.png","contentUrl":"https:\/\/esam.studio\/wp-content\/uploads\/2025\/05\/LogoGris3-scaled-1.png","width":2560,"height":161,"caption":"ESAM"},"image":{"@id":"https:\/\/esam.studio\/#\/schema\/logo\/image\/"},"sameAs":["https:\/\/www.instagram.com\/esam.arq\/?hl=hi"]}]}},"_links":{"self":[{"href":"https:\/\/esam.studio\/en\/wp-json\/wp\/v2\/pages\/1072","targetHints":{"allow":["GET"]}}],"collection":[{"href":"https:\/\/esam.studio\/en\/wp-json\/wp\/v2\/pages"}],"about":[{"href":"https:\/\/esam.studio\/en\/wp-json\/wp\/v2\/types\/page"}],"author":[{"embeddable":true,"href":"https:\/\/esam.studio\/en\/wp-json\/wp\/v2\/users\/1"}],"replies":[{"embeddable":true,"href":"https:\/\/esam.studio\/en\/wp-json\/wp\/v2\/comments?post=1072"}],"version-history":[{"count":0,"href":"https:\/\/esam.studio\/en\/wp-json\/wp\/v2\/pages\/1072\/revisions"}],"wp:attachment":[{"href":"https:\/\/esam.studio\/en\/wp-json\/wp\/v2\/media?parent=1072"}],"curies":[{"name":"wp","href":"https:\/\/api.w.org\/{rel}","templated":true}]}}